{"id":120,"date":"2011-03-03T00:11:53","date_gmt":"2011-03-02T23:11:53","guid":{"rendered":"http:\/\/www.blaess.fr\/christophe\/blog\/?page_id=120"},"modified":"2025-03-13T15:41:20","modified_gmt":"2025-03-13T14:41:20","slug":"formations","status":"publish","type":"page","link":"https:\/\/www.blaess.fr\/christophe\/formations\/","title":{"rendered":"Formations"},"content":{"rendered":"<div class=\"wp-block-image\">\n<figure class=\"alignright\"><img decoding=\"async\" src=\"http:\/\/www.blaess.fr\/christophe\/wp-content\/uploads\/2011\/03\/formations.jpg\" alt=\"Formations\" class=\"wp-image-191\" title=\"Formations\"\/><\/figure><\/div>\n\n\n<p>J&rsquo;anime r\u00e9guli\u00e8rement des s\u00e9ances de formations professionnelles ayant pour sujet Linux, avec une inclinaison particuli\u00e8re vers les formations traitant du d\u00e9veloppement syst\u00e8me ou des aspects industriels de Linux.<\/p>\n\n\n\n<p>Il s&rsquo;agit non seulement de sessions <strong>inter-entreprises<\/strong> en partenariat avec des organismes de formation r\u00e9put\u00e9s, mais \u00e9galement des formations <strong>intra-entreprise<\/strong>. Les avantages de cette seconde solution sont multiples&nbsp;:<\/p>\n\n\n\n<ul class=\"wp-block-list\">\n<li>les stagiaires appartiennent \u00e0 un univers homog\u00e8ne, ayant donc une culture et des objectifs communs&nbsp;;<\/li>\n\n\n\n<li>le contenu du cours est personnalis\u00e9 pr\u00e9cis\u00e9ment en fonction des choix du client&nbsp;;<\/li>\n\n\n\n<li>\u00e0 partir de deux stagiaires, le co\u00fbt de revient de la formation est moins \u00e9lev\u00e9 que celui d&rsquo;une session inter-entreprises.<\/li>\n<\/ul>\n\n\n\n<p>Je vous pr\u00e9sente ci-dessous quelques cours que j&rsquo;anime fr\u00e9quemment chez <a title=\"Logilin - Ing\u00e9nierie et formations\" href=\"http:\/\/www.logilin.fr\" target=\"_blank\" rel=\"noopener\"><strong>Logilin<\/strong><\/a>. Si vous \u00eates int\u00e9ress\u00e9 par l&rsquo;un de ces stages, ou si vous pr\u00e9f\u00e9rez une formation intra-entreprise personnalis\u00e9e,&nbsp;contactez-moi.<\/p>\n\n\n\n<p>Si vous recherchez une formation sur un sujet que je n&rsquo;aborde pas habituellement, n&rsquo;h\u00e9sitez pas \u00e0 m&rsquo;en parler, je peux \u00e9ventuellement vous mettre en relation avec des confr\u00e8res susceptibles de vous assister. Enfin, sachez qu&rsquo;il est possible pour une formation intra-entreprise de d\u00e9finir un programme&nbsp;\u00e0 la carte.<\/p>\n\n\n\n<h2 class=\"wp-block-heading\"><a href=\"https:\/\/www.logilin.fr\/formation-temps-reel-linux.php\">Temps r\u00e9el sous Linux<\/a><\/h2>\n\n\n\n<p>Cette formation de deux jours est ax\u00e9e sur la probl\u00e9matique du temps r\u00e9el sous Linux. Elle permet d&rsquo;\u00e9tudier de mani\u00e8re approfondie les concepts d&rsquo;ordonnancement, de priorit\u00e9, de commutation, ainsi que tous les \u00e9v\u00e9nements internes et externes qui entrent en consid\u00e9ration (timers, interruptions, appels syst\u00e8me,&nbsp; multi-processeur, etc.). Nous observons successivement les performances, les API,&nbsp; et les limitations de Linux standard, de <code>PREEMPT_RT<\/code> et de Xenomai.<\/p>\n\n\n\n<p><a href=\"https:\/\/www.logilin.fr\/formation-temps-reel-linux.php\" target=\"_blank\" rel=\"noreferrer noopener\">En savoir plus&#8230;<\/a><\/p>\n\n\n\n<h2 class=\"wp-block-heading\"><a href=\"https:\/\/www.logilin.fr\/formation-linux-embarque-avec-yocto-project.php\">Linux embarqu\u00e9 avec Yocto Project<\/a><\/h2>\n\n\n\n<p>Ce cours de trois jours permet de prendre en main l&rsquo;outil Yocto Project, de l&rsquo;utiliser pour construire une image standard puis d&rsquo;apprendre \u00e0 customiser cette image. Enfin nous \u00e9tudions comment d\u00e9velopper, d\u00e9boguer et int\u00e9grer du code personnalis\u00e9 dans notre image.<\/p>\n\n\n\n<p><a href=\"https:\/\/www.logilin.fr\/formation-linux-embarque-avec-yocto-project.php\">En savoi<\/a><a href=\"https:\/\/www.logilin.fr\/formations\/formation-developpeur-linux-embarque-avec-yocto\/\" target=\"_blank\" rel=\"noreferrer noopener\">r<\/a><a href=\"https:\/\/www.logilin.fr\/formations\/formation-developpeur-linux-embarque-avec-yocto\/\"> plus&#8230;<\/a><\/p>\n\n\n\n<p><strong><a href=\"https:\/\/www.logilin.fr\/formation-yocto-project-avance.php\">Yocto Project avanc\u00e9<\/a><\/strong><\/p>\n\n\n\n<p>Cette formation est destin\u00e9e aux personnes ayant d\u00e9j\u00e0 une premi\u00e8re exp\u00e9rience de l\u2019utilisation de <strong>Yocto Project<\/strong> pour cr\u00e9er un syst\u00e8me Linux embarqu\u00e9 et souhaitant approfondir leurs connaissances pour un usage plus avanc\u00e9. Nous \u00e9tudions de mani\u00e8re approfondie l&rsquo;outil <code>devtool<\/code>, nous \u00e9crivons des recettes avec des \u00e9l\u00e9ments avanc\u00e9s (<em>distro<\/em>, <em>PACKAGECONFIG<\/em>, <em>OVERRIDES<\/em>, classes&#8230;) puis voyons comment supporter le hardware (<code>MACHINE<\/code>, <em>bootloader<\/em>, <em>kernel<\/em>,<em> device tree<\/em>, etc.)<\/p>\n\n\n\n<p><a href=\"https:\/\/www.logilin.fr\/formation-yocto-project-avance.php\" target=\"_blank\" rel=\"noreferrer noopener\">En savoir plus&#8230;<\/a><\/p>\n\n\n\n<h2 class=\"wp-block-heading\"><a href=\"https:\/\/www.logilin.fr\/formation-ecriture-de-drivers-linux.php\">\u00c9criture de drivers pour Linux<\/a><\/h2>\n\n\n\n<p>Ce cours s&rsquo;adresse non seulement aux d\u00e9veloppeurs ou aux chefs de projet charg\u00e9s de l&rsquo;\u00e9criture ou du portage d&rsquo;un driver pour Linux, mais \u00e9galement aux int\u00e9grateurs et architectes logiciels qui doivent avoir une bonne vision globale sur le fonctionnement interne du syst\u00e8me. A travers l&rsquo;\u00e9tude approfondie et l&rsquo;\u00e9criture progressive de plusieurs types de drivers (caract\u00e8res, r\u00e9seaux, USB, etc.) nous abordons tous les sujets cruciaux (multiprocesseurs, pr\u00e9emptibilit\u00e9, m\u00e9moire virtuelle, etc.) pour la mise au point de drivers robustes et performants pour Linux.<\/p>\n\n\n\n<p><a href=\"https:\/\/www.logilin.fr\/formation-ecriture-de-drivers-linux.php\" target=\"_blank\" rel=\"noreferrer noopener\">En savoir p<\/a><a href=\"https:\/\/www.logilin.fr\/formations\/formation-ecriture-de-drivers-pour-kernel-linux\/\" target=\"_blank\" rel=\"noreferrer noopener\">lus&#8230;<\/a><\/p>\n\n\n\n<h2 class=\"wp-block-heading\"><a href=\"https:\/\/www.logilin.fr\/formation-linux-embarque-avec-buildroot.php\">Linux embarqu\u00e9 avec Buildroot<\/a><\/h2>\n\n\n\n<p>Cette formation de trois jours vous permet de ma\u00eetriser l\u2019outil <strong>Buildroot<\/strong> pour cr\u00e9er rapidement et simplement un syst\u00e8me Linux embarqu\u00e9 et y int\u00e9grer votre code applicatif. Buildroot est plus simple \u00e0 utiliser que Yocto Project. Pour savoir comment choisir entre ces solutions, vous pouvez <strong><a href=\"https:\/\/www.logilin.fr\/conception-dun-systeme-linux-industriel\/\" data-type=\"page\" data-id=\"2908\" target=\"_blank\" rel=\"noreferrer noopener\">la note technique<\/a><\/strong> que j&rsquo;ai r\u00e9dig\u00e9e pour Logilin.<\/p>\n\n\n\n<p><a href=\"https:\/\/www.logilin.fr\/formation-linux-embarque-avec-buildroot.php\" target=\"_blank\" rel=\"noreferrer noopener\">En savoir plus&#8230;<\/a><\/p>\n\n\n\n<p><\/p>","protected":false},"excerpt":{"rendered":"<p>J&rsquo;anime r&eacute;guli&egrave;rement des s&eacute;ances de formations professionnelles ayant pour sujet Linux, avec une inclinaison particuli&egrave;re vers les formations traitant du d&eacute;veloppement syst&egrave;me ou des aspects industriels de Linux. Il s&rsquo;agit non seulement de sessions inter-entreprises en partenariat avec des organismes de formation r&eacute;put&eacute;s, mais &eacute;galement des formations intra-entreprise. Les avantages de cette seconde solution sont [&hellip;]<\/p>","protected":false},"author":1,"featured_media":0,"parent":0,"menu_order":3,"comment_status":"closed","ping_status":"closed","template":"","meta":{"footnotes":""},"class_list":["post-120","page","type-page","status-publish","hentry"],"_links":{"self":[{"href":"https:\/\/www.blaess.fr\/christophe\/wp-json\/wp\/v2\/pages\/120","targetHints":{"allow":["GET"]}}],"collection":[{"href":"https:\/\/www.blaess.fr\/christophe\/wp-json\/wp\/v2\/pages"}],"about":[{"href":"https:\/\/www.blaess.fr\/christophe\/wp-json\/wp\/v2\/types\/page"}],"author":[{"embeddable":true,"href":"https:\/\/www.blaess.fr\/christophe\/wp-json\/wp\/v2\/users\/1"}],"replies":[{"embeddable":true,"href":"https:\/\/www.blaess.fr\/christophe\/wp-json\/wp\/v2\/comments?post=120"}],"version-history":[{"count":13,"href":"https:\/\/www.blaess.fr\/christophe\/wp-json\/wp\/v2\/pages\/120\/revisions"}],"predecessor-version":[{"id":7015,"href":"https:\/\/www.blaess.fr\/christophe\/wp-json\/wp\/v2\/pages\/120\/revisions\/7015"}],"wp:attachment":[{"href":"https:\/\/www.blaess.fr\/christophe\/wp-json\/wp\/v2\/media?parent=120"}],"curies":[{"name":"wp","href":"https:\/\/api.w.org\/{rel}","templated":true}]}}