{"id":15,"date":"2011-02-27T19:38:38","date_gmt":"2011-02-27T18:38:38","guid":{"rendered":"http:\/\/www.blaess.fr\/christophe\/blog\/?page_id=15"},"modified":"2019-12-26T11:52:33","modified_gmt":"2019-12-26T10:52:33","slug":"livres","status":"publish","type":"page","link":"https:\/\/www.blaess.fr\/christophe\/livres\/","title":{"rendered":"Livres"},"content":{"rendered":"<p><img loading=\"lazy\" decoding=\"async\" class=\"alignright size-full wp-image-75\" title=\"Livres Christophe BLAESS\" src=\"http:\/\/www.blaess.fr\/christophe\/wp-content\/uploads\/2011\/02\/livres_blaess5.gif\" alt=\"Livres Christophe BLAESS\" width=\"185\" height=\"150\" \/><\/p>\n<p style=\"text-align: justify;\">J&rsquo;ai \u00e9crit plusieurs livres, publi\u00e9s aux \u00e9ditions Eyrolles, et vous trouverez ci-dessous des informations suppl\u00e9mentaires, le code-source des exemples, etc.<\/p>\n<h2><a title=\"Solutions temps r\u00e9el sous Linux\" href=\"http:\/\/www.blaess.fr\/christophe\/livres\/solutions-temps-reel-sous-linux\/\">Solutions temps r\u00e9el sous Linux<\/a><\/h2>\n<p style=\"text-align: justify; padding-left: 30px;\"><a title=\"Solutions temps r\u00e9el sous Linux\" href=\"http:\/\/www.blaess.fr\/christophe\/livres\/solutions-temps-reel-sous-linux\/\"><strong>Ce livre<\/strong><\/a> est consacr\u00e9 aux m\u00e9thodes permettant d&rsquo;obtenir un comportement temps r\u00e9el avec Linux et des extensions libres comme PREEMPT_RT ou Xenomai. De tr\u00e8s nombreux exemples et exercices corrig\u00e9s permettent une approche pratique de ce sujet.<\/p>\n<h2><a title=\"Scripts shell Linux et Unix\" href=\"http:\/\/www.blaess.fr\/christophe\/livres\/scripts-shell-linux-et-unix\/\">Scripts shell Linux et Unix<\/a><\/h2>\n<p style=\"text-align: justify; padding-left: 30px;\"><a title=\"Scripts shell Linux et Unix\" href=\"http:\/\/www.blaess.fr\/christophe\/livres\/scripts-shell-linux-et-unix\/\"><strong>Ce livre<\/strong><\/a> est sp\u00e9cialis\u00e9 sur la programmation de scripts pour shells Bash et Korn. On y aborde \u00e9galement l&rsquo;utilisation de Sed et Awk. On y retrouve des exemples du livre \u00ab\u00a0Langages de scripts sous Linux\u00a0\u00bb, mais l&rsquo;accent est mis plut\u00f4t sur l&rsquo;utilisation imm\u00e9diate des connaissances.<\/p>\n<h2><a title=\"Programmation syst\u00e8me sous Linux\" href=\"http:\/\/www.blaess.fr\/christophe\/livres\/programmation-systeme-sous-linux\/\">Programmation syst\u00e8me en C sous Linux<\/a><\/h2>\n<p style=\"text-align: justify; padding-left: 30px;\">Il y a eu plusieurs \u00e9ditions et mises \u00e0 jour de <a title=\"Programmation syst\u00e8me sous Linux\" href=\"http:\/\/www.blaess.fr\/christophe\/livres\/programmation-systeme-sous-linux\/\"><strong>ce livre<\/strong><\/a>. On y trouve une analyse assez exhaustive des fonctionnalit\u00e9s offertes par la biblioth\u00e8que C pour la programmation applicative.<\/p>\n<h2><a title=\"Scripts sous Linux\" href=\"http:\/\/www.blaess.fr\/christophe\/livres\/scripts-sous-linux\/\">Langages de scripts sous Linux<\/a><\/h2>\n<p style=\"text-align: justify; padding-left: 30px;\"><strong><a title=\"Scripts sous Linux\" href=\"http:\/\/www.blaess.fr\/christophe\/livres\/scripts-sous-linux\/\">Ce livre<\/a><\/strong> aujourd&rsquo;hui \u00e9puis\u00e9, repr\u00e9sentait une introduction \u00e0 la programmation dans plusieurs langages de scripts disponibles sur les syst\u00e8mes Linux\u00a0: le shell Bash, Sed, Awk et Perl, et de mani\u00e8re plus sommaire Tcl\/Tk, Python et Ruby.<\/p>\n<h1><a href=\"https:\/\/www.blaess.fr\/christophe\/livres\/recommandations-de-lecture\/\">Recommandations de lectures<\/a><\/h1>\n<p>On m&rsquo;a souvent demand\u00e9 durant des sessions de formations des bibliographies ou des conseils de lecture sur certains sujets. J&rsquo;ai d\u00e9cid\u00e9 de <strong><a href=\"https:\/\/www.blaess.fr\/christophe\/livres\/recommandations-de-lecture\/\">mentionner ici quelques ouvrages<\/a><\/strong> qui me semblent particuli\u00e8rement judicieux pour \u00e9tudier ou approfondir des domaines li\u00e9s \u00e0 la programmation, les syst\u00e8mes Unix et Linux, ou les environnements temps-r\u00e9el et embarqu\u00e9s.<\/p>","protected":false},"excerpt":{"rendered":"<p>J&rsquo;ai &eacute;crit plusieurs livres, publi&eacute;s aux &eacute;ditions Eyrolles, et vous trouverez ci-dessous des informations suppl&eacute;mentaires, le code-source des exemples, etc. Solutions temps r&eacute;el sous Linux Ce livre est consacr&eacute; aux m&eacute;thodes permettant d&rsquo;obtenir un comportement temps r&eacute;el avec Linux et des extensions libres comme PREEMPT_RT ou Xenomai. De tr&egrave;s nombreux exemples et exercices corrig&eacute;s permettent [&hellip;]<\/p>","protected":false},"author":1,"featured_media":0,"parent":0,"menu_order":1,"comment_status":"closed","ping_status":"closed","template":"","meta":{"footnotes":""},"class_list":["post-15","page","type-page","status-publish","hentry"],"_links":{"self":[{"href":"https:\/\/www.blaess.fr\/christophe\/wp-json\/wp\/v2\/pages\/15","targetHints":{"allow":["GET"]}}],"collection":[{"href":"https:\/\/www.blaess.fr\/christophe\/wp-json\/wp\/v2\/pages"}],"about":[{"href":"https:\/\/www.blaess.fr\/christophe\/wp-json\/wp\/v2\/types\/page"}],"author":[{"embeddable":true,"href":"https:\/\/www.blaess.fr\/christophe\/wp-json\/wp\/v2\/users\/1"}],"replies":[{"embeddable":true,"href":"https:\/\/www.blaess.fr\/christophe\/wp-json\/wp\/v2\/comments?post=15"}],"version-history":[{"count":9,"href":"https:\/\/www.blaess.fr\/christophe\/wp-json\/wp\/v2\/pages\/15\/revisions"}],"predecessor-version":[{"id":5852,"href":"https:\/\/www.blaess.fr\/christophe\/wp-json\/wp\/v2\/pages\/15\/revisions\/5852"}],"wp:attachment":[{"href":"https:\/\/www.blaess.fr\/christophe\/wp-json\/wp\/v2\/media?parent=15"}],"curies":[{"name":"wp","href":"https:\/\/api.w.org\/{rel}","templated":true}]}}