{"id":5,"date":"2011-02-27T14:53:45","date_gmt":"2011-02-27T13:53:45","guid":{"rendered":"http:\/\/www.blaess.fr\/christophe\/blog\/?page_id=2"},"modified":"2024-08-15T04:40:05","modified_gmt":"2024-08-15T03:40:05","slug":"presentation","status":"publish","type":"page","link":"https:\/\/www.blaess.fr\/christophe\/presentation\/","title":{"rendered":"Pr\u00e9sentation"},"content":{"rendered":"<p>&nbsp;<\/p>\n<p style=\"text-align: justify;\"><img loading=\"lazy\" decoding=\"async\" class=\"wp-image-6053 size-thumbnail alignleft\" src=\"https:\/\/www.blaess.fr\/christophe\/wp-content\/uploads\/2024\/02\/cpb-2024-02-18-150x150.png\" alt=\"\" width=\"150\" height=\"150\" \/>Je suis ing\u00e9nieur dipl\u00f4m\u00e9 de l&rsquo;ESIGELEC (Rouen), et titulaire d&rsquo;un DEA d&rsquo;intelligence artificielle (Universit\u00e9 de Caen).<\/p>\n<p style=\"text-align: justify;\">Depuis 1994 j&rsquo;interviens pour des missions de <strong>conseil<\/strong> ou de\u00a0<strong>d\u00e9veloppement<\/strong>, principalement pour des <strong>applications industrielles<\/strong> bas\u00e9es sur Linux et les logiciels libres. J&rsquo;aide r\u00e9guli\u00e8rement \u00e0 la conception de syst\u00e8mes <strong>Linux embarqu\u00e9s<\/strong> ou n\u00e9cessitant des contraintes <strong>temps r\u00e9el<\/strong> fortes.<\/p>\n<p style=\"text-align: justify;\">Je travaille pour la soci\u00e9t\u00e9 <strong><a title=\"Logilin\" href=\"http:\/\/www.logilin.fr\">Logilin<\/a><\/strong> que j&rsquo;ai fond\u00e9e en 2004.<\/p>\n<p style=\"text-align: justify;\">Un second aspect de mon activit\u00e9 est construit autour de l&rsquo;animation de sessions de <strong><a title=\"Formations\" href=\"http:\/\/www.blaess.fr\/christophe\/formations\/\">formations professionnelles<\/a><\/strong>. Elles concernent de nombreux aspects de Linux, et s&rsquo;adressent autant \u00e0 l&rsquo;utilisateur d\u00e9butant qu&rsquo;au d\u00e9veloppeur exp\u00e9riment\u00e9, sans oublier le manager ou chef de projet d\u00e9sireux d&rsquo;avoir un panorama global sur l&rsquo;offre des logiciels libres.<\/p>\n<p>Je suis auteur de\u00a0<a title=\"Livres\" href=\"http:\/\/www.blaess.fr\/christophe\/livres\/\">livres<\/a> et de divers\u00a0<a title=\"Articles\" href=\"http:\/\/www.blaess.fr\/christophe\/articles\/\">articles<\/a> sur Linux.<\/p>\n<p style=\"text-align: justify;\">Pour toute information compl\u00e9mentaire, n&rsquo;h\u00e9sitez pas \u00e0 me\u00a0contacter&nbsp;:<\/p>\n<p style=\"text-align: center;\"><a href=\"mailto:christophe.blaess@logilin.fr\">christophe.blaess@logilin.fr<\/a><\/p>\n<h3 style=\"text-align: justify;\">Mentions l\u00e9gales<\/h3>\n<p style=\"text-align: justify;\">Ce blog est h\u00e9berg\u00e9 par OVH, d\u00e9velopp\u00e9 avec le logiciel libre <a title=\"http:\/\/wordpress.org\" href=\"http:\/\/wordpress.org\" target=\"_blank\" rel=\"noopener\">WordPress<\/a>, en utilisant son th\u00e8me <a title=\"http:\/\/wordpress.org\/extend\/themes\/glass\" href=\"http:\/\/wordpress.org\/extend\/themes\/glass\" target=\"_blank\" rel=\"noopener\">Glass<\/a> (un peu personnalis\u00e9) et les extensions <a title=\"Akismet\" href=\"http:\/\/akismet.com\" target=\"_blank\" rel=\"noopener\">Akismet<\/a>, <a title=\"Simple Social Buttons\" href=\"http:\/\/blog.rabinek.pl\/simple-social-buttons-wordpress\/\" target=\"_blank\" rel=\"noopener\">Simple Social Buttons<\/a>, <a title=\"WPLOOK\" href=\"http:\/\/wplook.com\/\" target=\"_blank\" rel=\"noopener\">WPLOOK Twitter Follow Button<\/a> et\u00a0<a title=\"http:\/\/wordpress.org\/extend\/plugins\/amikelive-adsense-widget\/\" href=\"http:\/\/wordpress.org\/extend\/plugins\/amikelive-adsense-widget\/\" target=\"_blank\" rel=\"noopener\">Amikelive Google Adsense<\/a>.<\/p>","protected":false},"excerpt":{"rendered":"<p>&nbsp; Je suis ing&eacute;nieur dipl&ocirc;m&eacute; de l&rsquo;ESIGELEC (Rouen), et titulaire d&rsquo;un DEA d&rsquo;intelligence artificielle (Universit&eacute; de Caen). Depuis 1994 j&rsquo;interviens pour des missions de conseil ou de&nbsp;d&eacute;veloppement, principalement pour des applications industrielles bas&eacute;es sur Linux et les logiciels libres. J&rsquo;aide r&eacute;guli&egrave;rement &agrave; la conception de syst&egrave;mes Linux embarqu&eacute;s ou n&eacute;cessitant des contraintes temps r&eacute;el fortes. [&hellip;]<\/p>","protected":false},"author":1,"featured_media":0,"parent":0,"menu_order":7,"comment_status":"closed","ping_status":"closed","template":"","meta":{"footnotes":""},"class_list":["post-5","page","type-page","status-publish","hentry"],"_links":{"self":[{"href":"https:\/\/www.blaess.fr\/christophe\/wp-json\/wp\/v2\/pages\/5","targetHints":{"allow":["GET"]}}],"collection":[{"href":"https:\/\/www.blaess.fr\/christophe\/wp-json\/wp\/v2\/pages"}],"about":[{"href":"https:\/\/www.blaess.fr\/christophe\/wp-json\/wp\/v2\/types\/page"}],"author":[{"embeddable":true,"href":"https:\/\/www.blaess.fr\/christophe\/wp-json\/wp\/v2\/users\/1"}],"replies":[{"embeddable":true,"href":"https:\/\/www.blaess.fr\/christophe\/wp-json\/wp\/v2\/comments?post=5"}],"version-history":[{"count":17,"href":"https:\/\/www.blaess.fr\/christophe\/wp-json\/wp\/v2\/pages\/5\/revisions"}],"predecessor-version":[{"id":6489,"href":"https:\/\/www.blaess.fr\/christophe\/wp-json\/wp\/v2\/pages\/5\/revisions\/6489"}],"wp:attachment":[{"href":"https:\/\/www.blaess.fr\/christophe\/wp-json\/wp\/v2\/media?parent=5"}],"curies":[{"name":"wp","href":"https:\/\/api.w.org\/{rel}","templated":true}]}}